{"id":22,"date":"2023-04-18T19:46:55","date_gmt":"2023-04-18T17:46:55","guid":{"rendered":"https:\/\/madifferenceestmaforce.be\/?page_id=22"},"modified":"2024-01-07T19:18:44","modified_gmt":"2024-01-07T18:18:44","slug":"accueil","status":"publish","type":"page","link":"https:\/\/madifferenceestmaforce.be\/","title":{"rendered":"Accueil"},"content":{"rendered":"\n<h1 class=\"wp-block-heading alignfull has-text-align-center\" style=\"font-size:80px\">Ma Diff\u00e9rence Est Ma Force<\/h1>\n\n\n<div class=\"wp-block-image\">\n<figure class=\"aligncenter size-full is-resized\"><img loading=\"lazy\" decoding=\"async\" width=\"500\" height=\"500\" src=\"http:\/\/madifferenceestmaforce.be\/wp-content\/uploads\/2023\/09\/LOGO-MDMF-arriere-plan-transparent.png\" alt=\"\" class=\"wp-image-64\" style=\"width:419px;height:456px\" srcset=\"https:\/\/madifferenceestmaforce.be\/wp-content\/uploads\/2023\/09\/LOGO-MDMF-arriere-plan-transparent.png 500w, https:\/\/madifferenceestmaforce.be\/wp-content\/uploads\/2023\/09\/LOGO-MDMF-arriere-plan-transparent-300x300.png 300w, https:\/\/madifferenceestmaforce.be\/wp-content\/uploads\/2023\/09\/LOGO-MDMF-arriere-plan-transparent-150x150.png 150w\" sizes=\"auto, (max-width: 500px) 100vw, 500px\" \/><\/figure>\n<\/div>\n\n\n\n\n<blockquote class=\"wp-block-quote has-text-align-center is-layout-flow wp-block-quote-is-layout-flow\" style=\"font-style:italic;font-weight:700\">\n<p class=\"has-larger-font-size\"><strong>&#8220;<\/strong> <mark style=\"background-color:rgba(0, 0, 0, 0)\" class=\"has-inline-color has-accent-color\">Faisons tomber les barri\u00e8res<\/mark> <strong>&#8220;<\/strong><\/p>\n<cite>Martin Cr\u00e9vieaux (Pr\u00e9sident de l&#8217;ASBL)<\/cite><\/blockquote>\n","protected":false},"excerpt":{"rendered":"<p>Ma Diff\u00e9rence Est Ma Force &#8220; Faisons tomber les barri\u00e8res &#8220; Martin Cr\u00e9vieaux (Pr\u00e9sident de l&#8217;ASBL)<\/p>\n","protected":false},"author":1,"featured_media":0,"parent":0,"menu_order":0,"comment_status":"closed","ping_status":"closed","template":"","meta":{"footnotes":""},"class_list":["post-22","page","type-page","status-publish","hentry"],"_links":{"self":[{"href":"https:\/\/madifferenceestmaforce.be\/index.php\/wp-json\/wp\/v2\/pages\/22","targetHints":{"allow":["GET"]}}],"collection":[{"href":"https:\/\/madifferenceestmaforce.be\/index.php\/wp-json\/wp\/v2\/pages"}],"about":[{"href":"https:\/\/madifferenceestmaforce.be\/index.php\/wp-json\/wp\/v2\/types\/page"}],"author":[{"embeddable":true,"href":"https:\/\/madifferenceestmaforce.be\/index.php\/wp-json\/wp\/v2\/users\/1"}],"replies":[{"embeddable":true,"href":"https:\/\/madifferenceestmaforce.be\/index.php\/wp-json\/wp\/v2\/comments?post=22"}],"version-history":[{"count":12,"href":"https:\/\/madifferenceestmaforce.be\/index.php\/wp-json\/wp\/v2\/pages\/22\/revisions"}],"predecessor-version":[{"id":130,"href":"https:\/\/madifferenceestmaforce.be\/index.php\/wp-json\/wp\/v2\/pages\/22\/revisions\/130"}],"wp:attachment":[{"href":"https:\/\/madifferenceestmaforce.be\/index.php\/wp-json\/wp\/v2\/media?parent=22"}],"curies":[{"name":"wp","href":"https:\/\/api.w.org\/{rel}","templated":true}]}}