{"id":46,"date":"2023-04-18T20:04:21","date_gmt":"2023-04-18T18:04:21","guid":{"rendered":"https:\/\/madifferenceestmaforce.be\/?page_id=46"},"modified":"2026-03-06T16:03:33","modified_gmt":"2026-03-06T15:03:33","slug":"buts-missions-actions","status":"publish","type":"page","link":"https:\/\/madifferenceestmaforce.be\/index.php\/buts-missions-actions\/","title":{"rendered":"Buts &#8211; Missions"},"content":{"rendered":"\n<h2 class=\"wp-block-heading\">Buts<\/h2>\n\n\n\n<p>L&#8217;association a pour but de sensibiliser \u00e0 la diff\u00e9rence afin de lutter contre toutes les formes de discriminations (racisme, homophobie, capacitisme, grossophobie, \u00e2gisme, etc) et les cons\u00e9quences qui en d\u00e9coulent (harc\u00e8lement, suicide, isolement, d\u00e9crochage scolaire etc)<\/p>\n\n\n\n<p><\/p>\n\n\n\n<h2 class=\"wp-block-heading\">Missions<\/h2>\n\n\n\n<p>Afin de r\u00e9aliser son but l\u2019association organise des campagnes de sensibilisation au sein des \u00e9coles, hautes \u00e9coles, universit\u00e9s, \u00e9coles de promotion sociale, internats et orphelinats, des conf\u00e9rences de presse, des conf\u00e9rences, des interviews, des p\u00e9titions diverses, des lettres \u00e9crites destin\u00e9es \u00e0 diverses institutions et personnalit\u00e9s politiques et des activit\u00e9s diverses (soupers, kermesses, f\u00eates de village, brocantes, manifestations, ventes de produits divers \u00e0 l\u2019effigie de l\u2019asbl ou sans l\u2019effigie etc) visant \u00e0 r\u00e9colter des dons d\u2019une part pour le fonctionnement de l\u2019asbl &nbsp;et d\u2019autre part pour diff\u00e9rentes associations \/ mouvements.<\/p>\n\n\n\n<p>La mise en place d\u2019un stand sur des salons et des foires, de parcours (d\u2019obstacles) &nbsp;de sensibilisation au sein des communes mais aussi d\u2019ateliers visant \u00e0 promouvoir une activit\u00e9 ou un sport avec un handicap (tennis en fauteuil roulant, basket en fauteuil roulant, C\u00e9cifoot, etc) et ce en tous les lieux mis \u00e0 sa disposition sans limite de territoire.<\/p>\n\n\n\n<p>L\u2019association a \u00e9galement pour mission le soutien des \u00e9tudiants victimes de discrimination et de ses cons\u00e9quences en les accompagnant dans leurs diff\u00e9rentes d\u00e9marches et en travaillant en collaboration avec les \u00e9coles, hautes \u00e9coles, universit\u00e9s et \u00e9coles de promotion sociale dans la mesure du possible et sous r\u00e9serve de l\u2019accord de celles \u2013 ci. L\u2019association met \u00e9galement \u00e0 disposition un num\u00e9ro de t\u00e9l\u00e9phone de soutien et la formation de groupes de soutien \/parole.<\/p>\n\n\n\n<p>L\u2019association peut \u00e9galement intervenir financi\u00e8rement dans le financement de diverses formations dans le but que ses membres se sp\u00e9cialisent dans diff\u00e9rents domaines.<\/p>\n\n\n\n<p>L\u2019association se r\u00e9serve \u00e9galement le droit d\u2019entamer une proc\u00e9dure judiciaire quelconque si elle le juge n\u00e9cessaire en fonction d\u2019une situation diverse.<\/p>\n\n\n\n<p>L&#8217;association r\u00e9alise ce but de toutes mani\u00e8res, en \u00e9troite collaboration avec ses membres. Elle peut faire tout acte quelconque se rattachant directement ou indirectement, en tout ou en partie, \u00e0 son but ou pouvant en amener le d\u00e9veloppement ou en faciliter la r\u00e9alisation.<\/p>\n","protected":false},"excerpt":{"rendered":"<p>Buts L&#8217;association a pour but de sensibiliser \u00e0 la diff\u00e9rence afin de lutter contre toutes les formes de discriminations (racisme, homophobie, capacitisme, grossophobie, \u00e2gisme, etc) et les cons\u00e9quences qui en d\u00e9coulent (harc\u00e8lement, suicide, isolement, d\u00e9crochage scolaire etc) Missions Afin de r\u00e9aliser son but l\u2019association organise des campagnes de sensibilisation au sein des \u00e9coles, hautes \u00e9coles, [&hellip;]<\/p>\n","protected":false},"author":1,"featured_media":0,"parent":0,"menu_order":0,"comment_status":"closed","ping_status":"closed","template":"","meta":{"footnotes":""},"class_list":["post-46","page","type-page","status-publish","hentry"],"_links":{"self":[{"href":"https:\/\/madifferenceestmaforce.be\/index.php\/wp-json\/wp\/v2\/pages\/46","targetHints":{"allow":["GET"]}}],"collection":[{"href":"https:\/\/madifferenceestmaforce.be\/index.php\/wp-json\/wp\/v2\/pages"}],"about":[{"href":"https:\/\/madifferenceestmaforce.be\/index.php\/wp-json\/wp\/v2\/types\/page"}],"author":[{"embeddable":true,"href":"https:\/\/madifferenceestmaforce.be\/index.php\/wp-json\/wp\/v2\/users\/1"}],"replies":[{"embeddable":true,"href":"https:\/\/madifferenceestmaforce.be\/index.php\/wp-json\/wp\/v2\/comments?post=46"}],"version-history":[{"count":9,"href":"https:\/\/madifferenceestmaforce.be\/index.php\/wp-json\/wp\/v2\/pages\/46\/revisions"}],"predecessor-version":[{"id":302,"href":"https:\/\/madifferenceestmaforce.be\/index.php\/wp-json\/wp\/v2\/pages\/46\/revisions\/302"}],"wp:attachment":[{"href":"https:\/\/madifferenceestmaforce.be\/index.php\/wp-json\/wp\/v2\/media?parent=46"}],"curies":[{"name":"wp","href":"https:\/\/api.w.org\/{rel}","templated":true}]}}