{"id":48,"date":"2023-04-18T20:05:11","date_gmt":"2023-04-18T18:05:11","guid":{"rendered":"https:\/\/madifferenceestmaforce.be\/?page_id=48"},"modified":"2023-09-30T17:00:27","modified_gmt":"2023-09-30T15:00:27","slug":"nos-valeurs","status":"publish","type":"page","link":"https:\/\/madifferenceestmaforce.be\/index.php\/nos-valeurs\/","title":{"rendered":"Nos valeurs &#8211; Nos principes"},"content":{"rendered":"\n<p class=\"has-text-align-center\">Inclusion sociale<\/p>\n\n\n\n<p class=\"has-text-align-center\">Justice sociale<\/p>\n\n\n\n<p class=\"has-text-align-center\">Egalit\u00e9<\/p>\n\n\n\n<p class=\"has-text-align-center\">Equit\u00e9<\/p>\n\n\n\n<p class=\"has-text-align-center\">Valorisation de la personne <\/p>\n\n\n\n<p class=\"has-text-align-center\">R\u00e9silience<\/p>\n\n\n\n<p class=\"has-text-align-center\">Courage<\/p>\n\n\n\n<p class=\"has-text-align-center\">Combativit\u00e9<\/p>\n\n\n\n<p class=\"has-text-align-center\">Accompagnement<\/p>\n\n\n\n<p class=\"has-text-align-center\">Solidarit\u00e9<\/p>\n\n\n\n<p class=\"has-text-align-center\">Ecoute active et compr\u00e9hension d &#8216;autrui<\/p>\n\n\n\n<p class=\"has-text-align-center has-large-font-size\"><strong>Consid\u00e9rer la personne dans sa globalit\u00e9<\/strong><\/p>\n\n\n\n<p><\/p>\n","protected":false},"excerpt":{"rendered":"<p>Inclusion sociale Justice sociale Egalit\u00e9 Equit\u00e9 Valorisation de la personne R\u00e9silience Courage Combativit\u00e9 Accompagnement Solidarit\u00e9 Ecoute active et compr\u00e9hension d &#8216;autrui Consid\u00e9rer la personne dans sa globalit\u00e9<\/p>\n","protected":false},"author":1,"featured_media":0,"parent":0,"menu_order":0,"comment_status":"closed","ping_status":"closed","template":"","meta":{"footnotes":""},"class_list":["post-48","page","type-page","status-publish","hentry"],"_links":{"self":[{"href":"https:\/\/madifferenceestmaforce.be\/index.php\/wp-json\/wp\/v2\/pages\/48","targetHints":{"allow":["GET"]}}],"collection":[{"href":"https:\/\/madifferenceestmaforce.be\/index.php\/wp-json\/wp\/v2\/pages"}],"about":[{"href":"https:\/\/madifferenceestmaforce.be\/index.php\/wp-json\/wp\/v2\/types\/page"}],"author":[{"embeddable":true,"href":"https:\/\/madifferenceestmaforce.be\/index.php\/wp-json\/wp\/v2\/users\/1"}],"replies":[{"embeddable":true,"href":"https:\/\/madifferenceestmaforce.be\/index.php\/wp-json\/wp\/v2\/comments?post=48"}],"version-history":[{"count":8,"href":"https:\/\/madifferenceestmaforce.be\/index.php\/wp-json\/wp\/v2\/pages\/48\/revisions"}],"predecessor-version":[{"id":109,"href":"https:\/\/madifferenceestmaforce.be\/index.php\/wp-json\/wp\/v2\/pages\/48\/revisions\/109"}],"wp:attachment":[{"href":"https:\/\/madifferenceestmaforce.be\/index.php\/wp-json\/wp\/v2\/media?parent=48"}],"curies":[{"name":"wp","href":"https:\/\/api.w.org\/{rel}","templated":true}]}}