{"id":51,"date":"2023-04-18T20:05:44","date_gmt":"2023-04-18T18:05:44","guid":{"rendered":"https:\/\/madifferenceestmaforce.be\/?page_id=51"},"modified":"2026-02-15T19:25:35","modified_gmt":"2026-02-15T18:25:35","slug":"nous-contacter","status":"publish","type":"page","link":"https:\/\/madifferenceestmaforce.be\/index.php\/nous-contacter\/","title":{"rendered":"Nous contacter"},"content":{"rendered":"\n<p>Nous sommes convaincus que chaque personne doit pouvoir profiter pleinement de sa vie et ce peu importe sa diff\u00e9rence. La diff\u00e9rence n\u2019est pas une faiblesse mais bien une richesse pr\u00e9cieuse. Aucune discrimination sous quelle forme que ce soit ne devrait encore exister aujourd&#8217;hui&nbsp;! De plus, le harc\u00e8lement est un fl\u00e9au qui devient de plus en plus pr\u00e9sent au sein de notre soci\u00e9t\u00e9 et ayant des cons\u00e9quences d\u00e9vastatrices et dramatiques notamment chez les jeunes (suicide, d\u00e9crochage scolaire, isolement social, etc)<\/p>\n\n\n\n<p>C\u2019est pourquoi, si vous \u00eates victime, t\u00e9moin ou que vous entendez\/constatez n&#8217;importe quel type de discrimination ou de harc\u00e8lement ou bien si vous connaissez des personnes vivant mal leur diff\u00e9rence, n\u2019h\u00e9sitez surtout pas \u00e0 nous contacter via l\u2019adresse mail ci-dessous. Nous vous r\u00e9pondrons dans les meilleurs d\u00e9lais.<\/p>\n\n\n\n<p>Ensemble, luttons pour la tol\u00e9rance \u00e0 la diff\u00e9rence et pour un monde plus juste, \u00e9galitaire et \u00e9quitable&nbsp;!<\/p>\n\n\n\n<p class=\"has-text-align-center\"><a href=\"mailto:info@madifferenceestmaforce.be\">info@madifferenceestmaforce.be<\/a><\/p>\n\n\n\n<p class=\"has-text-align-center\">Si\u00e8ge social : Rue de Gand n\u00b017 \u00e0 7943 Gages<\/p>\n\n\n\n<p class=\"has-text-align-center\"><\/p>\n","protected":false},"excerpt":{"rendered":"<p>Nous sommes convaincus que chaque personne doit pouvoir profiter pleinement de sa vie et ce peu importe sa diff\u00e9rence. La diff\u00e9rence n\u2019est pas une faiblesse mais bien une richesse pr\u00e9cieuse. Aucune discrimination sous quelle forme que ce soit ne devrait encore exister aujourd&#8217;hui&nbsp;! De plus, le harc\u00e8lement est un fl\u00e9au qui devient de plus en [&hellip;]<\/p>\n","protected":false},"author":1,"featured_media":0,"parent":0,"menu_order":0,"comment_status":"closed","ping_status":"closed","template":"","meta":{"footnotes":""},"class_list":["post-51","page","type-page","status-publish","hentry"],"_links":{"self":[{"href":"https:\/\/madifferenceestmaforce.be\/index.php\/wp-json\/wp\/v2\/pages\/51","targetHints":{"allow":["GET"]}}],"collection":[{"href":"https:\/\/madifferenceestmaforce.be\/index.php\/wp-json\/wp\/v2\/pages"}],"about":[{"href":"https:\/\/madifferenceestmaforce.be\/index.php\/wp-json\/wp\/v2\/types\/page"}],"author":[{"embeddable":true,"href":"https:\/\/madifferenceestmaforce.be\/index.php\/wp-json\/wp\/v2\/users\/1"}],"replies":[{"embeddable":true,"href":"https:\/\/madifferenceestmaforce.be\/index.php\/wp-json\/wp\/v2\/comments?post=51"}],"version-history":[{"count":13,"href":"https:\/\/madifferenceestmaforce.be\/index.php\/wp-json\/wp\/v2\/pages\/51\/revisions"}],"predecessor-version":[{"id":298,"href":"https:\/\/madifferenceestmaforce.be\/index.php\/wp-json\/wp\/v2\/pages\/51\/revisions\/298"}],"wp:attachment":[{"href":"https:\/\/madifferenceestmaforce.be\/index.php\/wp-json\/wp\/v2\/media?parent=51"}],"curies":[{"name":"wp","href":"https:\/\/api.w.org\/{rel}","templated":true}]}}