{"id":70,"date":"2023-09-25T20:16:36","date_gmt":"2023-09-25T18:16:36","guid":{"rendered":"http:\/\/madifferenceestmaforce.be\/?page_id=70"},"modified":"2026-02-04T18:28:21","modified_gmt":"2026-02-04T17:28:21","slug":"notre-equipe","status":"publish","type":"page","link":"https:\/\/madifferenceestmaforce.be\/index.php\/notre-equipe\/","title":{"rendered":"Notre \u00e9quipe"},"content":{"rendered":"\n<figure class=\"wp-block-table\"><table><tbody><tr><td><img loading=\"lazy\" decoding=\"async\" width=\"150\" height=\"150\" class=\"wp-image-79\" style=\"width: 150px;\" src=\"http:\/\/madifferenceestmaforce.be\/wp-content\/uploads\/2023\/09\/20230924_122144-scaled.jpg\" alt=\"\" srcset=\"https:\/\/madifferenceestmaforce.be\/wp-content\/uploads\/2023\/09\/20230924_122144-scaled.jpg 2560w, https:\/\/madifferenceestmaforce.be\/wp-content\/uploads\/2023\/09\/20230924_122144-300x300.jpg 300w, https:\/\/madifferenceestmaforce.be\/wp-content\/uploads\/2023\/09\/20230924_122144-1024x1024.jpg 1024w, https:\/\/madifferenceestmaforce.be\/wp-content\/uploads\/2023\/09\/20230924_122144-150x150.jpg 150w, https:\/\/madifferenceestmaforce.be\/wp-content\/uploads\/2023\/09\/20230924_122144-768x768.jpg 768w, https:\/\/madifferenceestmaforce.be\/wp-content\/uploads\/2023\/09\/20230924_122144-1536x1536.jpg 1536w, https:\/\/madifferenceestmaforce.be\/wp-content\/uploads\/2023\/09\/20230924_122144-2048x2048.jpg 2048w, https:\/\/madifferenceestmaforce.be\/wp-content\/uploads\/2023\/09\/20230924_122144-1200x1200.jpg 1200w, https:\/\/madifferenceestmaforce.be\/wp-content\/uploads\/2023\/09\/20230924_122144-1980x1980.jpg 1980w\" sizes=\"auto, (max-width: 150px) 100vw, 150px\" \/><\/td><td><strong>Martin Cr\u00e9vieaux <\/strong><br>Administrateur &#8211; Pr\u00e9sident <br>Assistant social<\/td><\/tr><tr><td><img loading=\"lazy\" decoding=\"async\" width=\"150\" height=\"172\" class=\"wp-image-200\" style=\"width: 150px;\" src=\"http:\/\/madifferenceestmaforce.be\/wp-content\/uploads\/2025\/08\/Photo-Remi.jpg\" alt=\"\" srcset=\"https:\/\/madifferenceestmaforce.be\/wp-content\/uploads\/2025\/08\/Photo-Remi.jpg 1582w, https:\/\/madifferenceestmaforce.be\/wp-content\/uploads\/2025\/08\/Photo-Remi-262x300.jpg 262w, https:\/\/madifferenceestmaforce.be\/wp-content\/uploads\/2025\/08\/Photo-Remi-896x1024.jpg 896w, https:\/\/madifferenceestmaforce.be\/wp-content\/uploads\/2025\/08\/Photo-Remi-768x878.jpg 768w, https:\/\/madifferenceestmaforce.be\/wp-content\/uploads\/2025\/08\/Photo-Remi-1343x1536.jpg 1343w, https:\/\/madifferenceestmaforce.be\/wp-content\/uploads\/2025\/08\/Photo-Remi-1200x1372.jpg 1200w\" sizes=\"auto, (max-width: 150px) 100vw, 150px\" \/><\/td><td><strong>R\u00e9mi Deronne <\/strong><br>Administrateur &#8211; Vice-Pr\u00e9sident<br>Ing\u00e9nieur de gestion<\/td><\/tr><tr><td><img loading=\"lazy\" decoding=\"async\" width=\"150\" height=\"239\" class=\"wp-image-77\" style=\"width: 150px;\" src=\"http:\/\/madifferenceestmaforce.be\/wp-content\/uploads\/2023\/09\/received_692738142416446.jpeg\" alt=\"\" srcset=\"https:\/\/madifferenceestmaforce.be\/wp-content\/uploads\/2023\/09\/received_692738142416446.jpeg 469w, https:\/\/madifferenceestmaforce.be\/wp-content\/uploads\/2023\/09\/received_692738142416446-188x300.jpeg 188w\" sizes=\"auto, (max-width: 150px) 100vw, 150px\" \/><\/td><td><strong>Nicolas Bartolini <\/strong><br>Administrateur &#8211; Tr\u00e9sorier <br>Ing\u00e9nieur d&#8217;application<\/td><\/tr><tr><td><img loading=\"lazy\" decoding=\"async\" width=\"150\" height=\"183\" class=\"wp-image-289\" style=\"width: 150px;\" src=\"http:\/\/madifferenceestmaforce.be\/wp-content\/uploads\/2026\/02\/facebook_1770155808700_7424571589054365639.jpg\" alt=\"\" srcset=\"https:\/\/madifferenceestmaforce.be\/wp-content\/uploads\/2026\/02\/facebook_1770155808700_7424571589054365639.jpg 589w, https:\/\/madifferenceestmaforce.be\/wp-content\/uploads\/2026\/02\/facebook_1770155808700_7424571589054365639-245x300.jpg 245w\" sizes=\"auto, (max-width: 150px) 100vw, 150px\" \/><\/td><td><strong>Reinhilde Smeets<\/strong><br>Membre effectif de l&#8217;assembl\u00e9e g\u00e9n\u00e9rale<br>Assistante sociale<\/td><\/tr><tr><td><img loading=\"lazy\" decoding=\"async\" width=\"150\" height=\"120\" class=\"wp-image-292\" style=\"width: 150px;\" src=\"http:\/\/madifferenceestmaforce.be\/wp-content\/uploads\/2026\/02\/IMG-20260203-WA0001.jpg\" alt=\"\" srcset=\"https:\/\/madifferenceestmaforce.be\/wp-content\/uploads\/2026\/02\/IMG-20260203-WA0001.jpg 1200w, https:\/\/madifferenceestmaforce.be\/wp-content\/uploads\/2026\/02\/IMG-20260203-WA0001-300x240.jpg 300w, https:\/\/madifferenceestmaforce.be\/wp-content\/uploads\/2026\/02\/IMG-20260203-WA0001-1024x819.jpg 1024w, https:\/\/madifferenceestmaforce.be\/wp-content\/uploads\/2026\/02\/IMG-20260203-WA0001-768x614.jpg 768w\" sizes=\"auto, (max-width: 150px) 100vw, 150px\" \/><\/td><td><br><strong>Mireille Gallemaers<\/strong><br>Membre effectif de l&#8217;assembl\u00e9e g\u00e9n\u00e9rale<br>Aide comptable <br><\/td><\/tr><tr><td><img loading=\"lazy\" decoding=\"async\" width=\"150\" height=\"146\" class=\"wp-image-80\" style=\"width: 150px;\" src=\"http:\/\/madifferenceestmaforce.be\/wp-content\/uploads\/2023\/09\/received_741488084501229-Copie.jpeg\" alt=\"\" srcset=\"https:\/\/madifferenceestmaforce.be\/wp-content\/uploads\/2023\/09\/received_741488084501229-Copie.jpeg 720w, https:\/\/madifferenceestmaforce.be\/wp-content\/uploads\/2023\/09\/received_741488084501229-Copie-300x292.jpeg 300w\" sizes=\"auto, (max-width: 150px) 100vw, 150px\" \/><\/td><td><strong>Val\u00e9rie De Broyer <\/strong><br>Membre effectif de l&#8217;assembl\u00e9e g\u00e9n\u00e9rale<br>Directrice d&#8217;une \u00e9cole de promotion sociale<\/td><\/tr><\/tbody><\/table><\/figure>\n","protected":false},"excerpt":{"rendered":"<p>Martin Cr\u00e9vieaux Administrateur &#8211; Pr\u00e9sident Assistant social R\u00e9mi Deronne Administrateur &#8211; Vice-Pr\u00e9sidentIng\u00e9nieur de gestion Nicolas Bartolini Administrateur &#8211; Tr\u00e9sorier Ing\u00e9nieur d&#8217;application Reinhilde SmeetsMembre effectif de l&#8217;assembl\u00e9e g\u00e9n\u00e9raleAssistante sociale Mireille GallemaersMembre effectif de l&#8217;assembl\u00e9e g\u00e9n\u00e9raleAide comptable Val\u00e9rie De Broyer Membre effectif de l&#8217;assembl\u00e9e g\u00e9n\u00e9raleDirectrice d&#8217;une \u00e9cole de promotion sociale<\/p>\n","protected":false},"author":1,"featured_media":0,"parent":0,"menu_order":0,"comment_status":"closed","ping_status":"closed","template":"","meta":{"footnotes":""},"class_list":["post-70","page","type-page","status-publish","hentry"],"_links":{"self":[{"href":"https:\/\/madifferenceestmaforce.be\/index.php\/wp-json\/wp\/v2\/pages\/70","targetHints":{"allow":["GET"]}}],"collection":[{"href":"https:\/\/madifferenceestmaforce.be\/index.php\/wp-json\/wp\/v2\/pages"}],"about":[{"href":"https:\/\/madifferenceestmaforce.be\/index.php\/wp-json\/wp\/v2\/types\/page"}],"author":[{"embeddable":true,"href":"https:\/\/madifferenceestmaforce.be\/index.php\/wp-json\/wp\/v2\/users\/1"}],"replies":[{"embeddable":true,"href":"https:\/\/madifferenceestmaforce.be\/index.php\/wp-json\/wp\/v2\/comments?post=70"}],"version-history":[{"count":17,"href":"https:\/\/madifferenceestmaforce.be\/index.php\/wp-json\/wp\/v2\/pages\/70\/revisions"}],"predecessor-version":[{"id":294,"href":"https:\/\/madifferenceestmaforce.be\/index.php\/wp-json\/wp\/v2\/pages\/70\/revisions\/294"}],"wp:attachment":[{"href":"https:\/\/madifferenceestmaforce.be\/index.php\/wp-json\/wp\/v2\/media?parent=70"}],"curies":[{"name":"wp","href":"https:\/\/api.w.org\/{rel}","templated":true}]}}